{"id":4229,"date":"2018-04-19T13:57:54","date_gmt":"2018-04-19T13:57:54","guid":{"rendered":"https:\/\/mustamae-autokool.ee\/%d1%80%d0%be%d0%b6%d1%8b%d0%b3%d1%80%d1%8b%d1%88\/"},"modified":"2018-04-19T13:57:54","modified_gmt":"2018-04-19T13:57:54","slug":"%d1%80%d0%be%d0%b6%d1%8b%d0%b3%d1%80%d1%8b%d1%88","status":"publish","type":"page","link":"https:\/\/mustamae-autokool.ee\/ru\/%d1%80%d0%be%d0%b6%d1%8b%d0%b3%d1%80%d1%8b%d1%88\/","title":{"rendered":"\u0420\u043e\u0436\u044b\u0433\u0440\u044b\u0448"},"content":{"rendered":"<div class=\"artikkel\">\n<div class=\"kollasedruudud\">\n<p>&nbsp;<\/p>\n<\/div>\n<div class=\"artikkel2\">\n<div class=\"panel regular\">\n<h3 style=\"text-align: left;\"><span style=\"color: #ffffff;\"><strong>Kui sul pole veel juhiluba v\u00f5i sul on \u00f5pingud pooleli m\u00f5nes autokoolis,<\/strong><\/span><br \/>\n<span style=\"color: #ffffff;\"> <strong> kui sul on l\u00e4bimata l\u00f5ppastme koolitus, siis see loosimine on just sulle!<\/strong><\/span><\/h3>\n<\/div>\n<div class=\"panel regular\"><\/div>\n<h5 style=\"text-align: left;\"><span style=\"color: #909090;\"><strong>2 korda aastas loosime v\u00e4lja reaalselt 2 t\u00e4iesti tasuta koolitust:<\/strong><\/span><\/h5>\n<h5 style=\"text-align: left;\"><span style=\"color: #909090;\"><strong>1<\/strong><b>. mail\u00a0 \u00a0 \u00a0 \u00a0 \u00a0 \u00a0\u2013 \u00fche B-kategooria algastme koolituse v\u00e4\u00e4rtusega 330 eur<br \/>\n<\/b><b>1. oktoobril \u2013 \u00fche B-kategooria l\u00f5ppastme koolituse v\u00e4\u00e4rtusega 110 eur<\/b><\/span><\/h5>\n<h5 style=\"text-align: left;\"><span style=\"color: #909090;\"><b>Fortuunaks on juhuslik \u00f5pilane, kes k\u00fclastab meid vastuv\u00f5tuajal ja loosimise p\u00e4eval v\u00f5i vahetult enne\/peale seda oleval vastuv\u00f5tup\u00e4eval ning Fortuuna nime avaldame samuti koos loosimise tulemustega.<\/b><\/span><\/h5>\n<div class=\"artikkel2\"><div class=\"panel regular\"><\/div><\/div>\n<h5 style=\"text-align: left;\"><b><\/b><\/div><\/h5>\n<p><span style=\"font-weight: 400;\">Sinu andmed on kaitstud, me ei edasta neid kusagile!<\/span><span style=\"font-weight: 400;\"><br \/>\n<\/span><span style=\"font-weight: 400;\">Me ei saada sulle sp\u00e4m-kirju! K\u00fcll aga v\u00f5ime m\u00f5nikord<br \/>\nsaata sulle <\/span><span style=\"font-weight: 400;\">informatsiooni sooduspakkumistest ja koolitustest.<\/span><\/p>\n<\/div>\n<div class=\"artikkel\">\n<div class=\"panel regular\">Kampaania reeglid:<br \/>\nV\u00f5idetud koolitusele tuleb registreeruda Mustam\u00e4e Autokoolis kolme kuu jooksul arvates v\u00f5idu v\u00e4lja loosimisest. V\u00f5idetud koolitust ei maksta v\u00e4lja sularahas ning v\u00f5itu ei saa edasi anda teisele isikule.\u00a0<span style=\"color: #999999;\">Juhul, kui sa osutud B-kat algastme kursuse v\u00f5itjaks ja oled j\u00f5udnud juba Mustam\u00e4e Autokooli l\u00f5petada v\u00f5i oled asunud \u00f5ppima Mustam\u00e4e Autokoolis enne loositulemuste v\u00e4ljakuulutamist, siis me anname sulle kinkekaardi, mille v\u00e4\u00e4rtus on 50% v\u00f5idetud kursuse maksumusest ning seda saad anda edasi teisele isikule v\u00f5i kasutada enda t\u00e4iendavaks koolitamiseks.\u00a0<\/span><span style=\"color: #999999;\">Juhul, kui sa osutud B-kat l\u00f5ppastme koolituse v\u00f5itjaks ning oled selle kursuse juba j\u00f5udnud l\u00e4bida enne loosimise tulemuste v\u00e4ljakuulutamist, siis me anname sulle samuti kinkekaardi, mille v\u00e4\u00e4rtus on 50% teenuse maksumusest ning selle saad edasi anda teisele isikule v\u00f5i kasutada enda t\u00e4endavaks koolitamiseks.<\/span><\/p>\n<p><span style=\"color: #999999;\">V\u00f5itjad saavad teavituse emailile ja avaldatakse meie FB lehel. Koolitused toimuvad Tallinnas, Mustam\u00e4e tee 5.<\/span><br \/>\n<\/div>\n<div class=\"artikkel\">\n<p><strong>Me oleme Sulle siiralt t\u00e4nulikud, kui peale osalemissoovi saatmist jagad meie kodulehte (<a href=\"https:\/\/mustamae-autokool.ee\" target=\"_blank\" rel=\"noopener\">https:\/\/mustamae-autokool.ee<\/a>)\u00a0 ka oma n\u00e4oraamatus\u00a0ning uudistad autokooli FB lehte!<\/strong><\/p>\n<div class=\"large-6 columns\">\n<\/div>\n\n<div class=\"wpcf7 no-js\" id=\"wpcf7-f3705-o1\" lang=\"et\" dir=\"ltr\">\n<div class=\"screen-reader-response\"><p role=\"status\" aria-live=\"polite\" aria-atomic=\"true\"><\/p> <ul><\/ul><\/div>\n<form action=\"\/ru\/wp-json\/wp\/v2\/pages\/4229#wpcf7-f3705-o1\" method=\"post\" class=\"wpcf7-form init\" aria-label=\"Contact form\" novalidate=\"novalidate\" data-status=\"init\">\n<div style=\"display: none;\">\n<input type=\"hidden\" name=\"_wpcf7\" value=\"3705\" \/>\n<input type=\"hidden\" name=\"_wpcf7_version\" value=\"5.9.6\" \/>\n<input type=\"hidden\" name=\"_wpcf7_locale\" value=\"et\" \/>\n<input type=\"hidden\" name=\"_wpcf7_unit_tag\" value=\"wpcf7-f3705-o1\" \/>\n<input type=\"hidden\" name=\"_wpcf7_container_post\" value=\"0\" \/>\n<input type=\"hidden\" name=\"_wpcf7_posted_data_hash\" value=\"\" \/>\n<input type=\"hidden\" name=\"_wpcf7cf_hidden_group_fields\" value=\"[]\" \/>\n<input type=\"hidden\" name=\"_wpcf7cf_hidden_groups\" value=\"[]\" \/>\n<input type=\"hidden\" name=\"_wpcf7cf_visible_groups\" value=\"[]\" \/>\n<input type=\"hidden\" name=\"_wpcf7cf_repeaters\" value=\"[]\" \/>\n<input type=\"hidden\" name=\"_wpcf7cf_steps\" value=\"{}\" \/>\n<input type=\"hidden\" name=\"_wpcf7cf_options\" value=\"{&quot;form_id&quot;:3705,&quot;conditions&quot;:[],&quot;settings&quot;:{&quot;animation&quot;:&quot;yes&quot;,&quot;animation_intime&quot;:200,&quot;animation_outtime&quot;:200,&quot;conditions_ui&quot;:&quot;normal&quot;,&quot;notice_dismissed&quot;:false}}\" \/>\n<input type=\"hidden\" name=\"_wpcf7_recaptcha_response\" value=\"\" \/>\n<\/div>\n<div id=\"pealkirjad\">\n\t<p>Nimi*\n\t<\/p>\n<\/div>\n<p><span class=\"wpcf7-form-control-wrap\" data-name=\"your-name\"><input size=\"40\" maxlength=\"80\" class=\"wpcf7-form-control wpcf7-text wpcf7-validates-as-required\" id=\"lahtrid\" aria-required=\"true\" aria-invalid=\"false\" value=\"\" type=\"text\" name=\"your-name\" \/><\/span>\n<\/p>\n<div id=\"pealkirjad\">\n\t<p>Vanus*\n\t<\/p>\n<\/div>\n<p><span class=\"wpcf7-form-control-wrap\" data-name=\"vanus\"><input size=\"40\" maxlength=\"80\" class=\"wpcf7-form-control wpcf7-text wpcf7-validates-as-required\" aria-required=\"true\" aria-invalid=\"false\" value=\"\" type=\"text\" name=\"vanus\" \/><\/span>\n<\/p>\n<div id=\"pealkirjad\">\n\t<p>Email*\n\t<\/p>\n<\/div>\n<p><span class=\"wpcf7-form-control-wrap\" data-name=\"your-email\"><input size=\"40\" maxlength=\"80\" class=\"wpcf7-form-control wpcf7-email wpcf7-validates-as-required wpcf7-text wpcf7-validates-as-email\" aria-required=\"true\" aria-invalid=\"false\" value=\"\" type=\"email\" name=\"your-email\" \/><\/span>\n<\/p>\n<div id=\"pealkirjad\">\n\t<p>Vali koolitus*\n\t<\/p>\n<\/div>\n<p><span class=\"wpcf7-form-control-wrap\" data-name=\"auhind\"><span class=\"wpcf7-form-control wpcf7-checkbox wpcf7-validates-as-required wpcf7-exclusive-checkbox\"><span class=\"wpcf7-list-item first\"><input type=\"checkbox\" name=\"auhind\" value=\"B-kategooria algaste\" \/><span class=\"wpcf7-list-item-label\">B-kategooria algaste<\/span><\/span><span class=\"wpcf7-list-item last\"><input type=\"checkbox\" name=\"auhind\" value=\"B-kategooria l\u00f5ppaste\" \/><span class=\"wpcf7-list-item-label\">B-kategooria l\u00f5ppaste<\/span><\/span><\/span><\/span>\n<\/p>\n\n<p><input class=\"wpcf7-form-control wpcf7-submit has-spinner\" id=\"saadanupp\" type=\"submit\" value=\"Registreeru\" \/>\n<\/p><div class=\"wpcf7-response-output\" aria-hidden=\"true\"><\/div>\n<\/form>\n<\/div>\n\n<\/div>\n<div class=\"large-6 columns\">\n<span style=\"color: #ffffff;\">&#8212;<\/span><br \/>\n<\/div>\n<\/div>\n","protected":false},"excerpt":{"rendered":"<p>&nbsp; Sinu andmed on kaitstud, me ei edasta neid kusagile! Me ei saada sulle sp\u00e4m-kirju! K\u00fcll aga v\u00f5ime m\u00f5nikord saata sulle informatsiooni sooduspakkumistest ja koolitustest. Me oleme Sulle siiralt t\u00e4nulikud, kui peale osalemissoovi saatmist jagad meie kodulehte (https:\/\/mustamae-autokool.ee)\u00a0 ka oma n\u00e4oraamatus\u00a0ning uudistad autokooli FB lehte!<\/p>\n","protected":false},"author":2,"featured_media":0,"parent":0,"menu_order":0,"comment_status":"closed","ping_status":"closed","template":"","meta":{"footnotes":""},"_links":{"self":[{"href":"https:\/\/mustamae-autokool.ee\/ru\/wp-json\/wp\/v2\/pages\/4229"}],"collection":[{"href":"https:\/\/mustamae-autokool.ee\/ru\/wp-json\/wp\/v2\/pages"}],"about":[{"href":"https:\/\/mustamae-autokool.ee\/ru\/wp-json\/wp\/v2\/types\/page"}],"author":[{"embeddable":true,"href":"https:\/\/mustamae-autokool.ee\/ru\/wp-json\/wp\/v2\/users\/2"}],"replies":[{"embeddable":true,"href":"https:\/\/mustamae-autokool.ee\/ru\/wp-json\/wp\/v2\/comments?post=4229"}],"version-history":[{"count":0,"href":"https:\/\/mustamae-autokool.ee\/ru\/wp-json\/wp\/v2\/pages\/4229\/revisions"}],"wp:attachment":[{"href":"https:\/\/mustamae-autokool.ee\/ru\/wp-json\/wp\/v2\/media?parent=4229"}],"curies":[{"name":"wp","href":"https:\/\/api.w.org\/{rel}","templated":true}]}}