{"id":4215,"date":"2018-04-19T06:39:32","date_gmt":"2018-04-19T06:39:32","guid":{"rendered":"https:\/\/mustamae-autokool.ee\/c%d1%81%d1%8b%d0%bb%d0%ba%d0%b8\/"},"modified":"2018-04-19T06:39:32","modified_gmt":"2018-04-19T06:39:32","slug":"c%d1%81%d1%8b%d0%bb%d0%ba%d0%b8","status":"publish","type":"page","link":"https:\/\/mustamae-autokool.ee\/ru\/c%d1%81%d1%8b%d0%bb%d0%ba%d0%b8\/","title":{"rendered":"C\u0441\u044b\u043b\u043a\u0438"},"content":{"rendered":"<div class=\"large-6 columns\">\n<h3>Veebilehed<\/h3>\n<ul>\n<li><a href=\"http:\/\/www.balticroads.net\/\">Temperatuurid teedel<\/a><\/li>\n<li><a href=\"http:\/\/tarktee.mnt.ee\/\" target=\"_blank\" rel=\"noopener\">Tark tee<\/a><\/li>\n<li><a href=\"http:\/\/www.energy.eu\/#prices\">K\u00fctuste maksumus Euroopas<\/a><\/li>\n<li><a href=\"https:\/\/m.transport.tallinn.ee\/mobile.html\">S\u00f5iduplaanid<\/a><\/li>\n<li><a href=\"http:\/\/www.mnt.ee\/\">Maanteeamet<\/a><\/li>\n<li><a href=\"http:\/\/www.mkm.ee\/\">Majandus- ja Kommunikatsiooniministeerium<\/a><\/li>\n<li><a href=\"http:\/\/www.hm.ee\/\">Haridus- ja Teadusministeerium<\/a><\/li>\n<li><a href=\"http:\/\/www.autokoolideliit.ee\/\">Eesti Autokoolide Liit<\/a><\/li>\n<li><a href=\"https:\/\/liikluskoolitus.ee\/\">Liikluskoolitajate liit<\/a><\/li>\n<\/ul>\n<h3>Seadused<\/h3>\n<ul>\n<li><a href=\"https:\/\/www.riigiteataja.ee\/akt\/117032011021?leiaKehtiv\">Liiklusseadus<\/a><\/li>\n<li><a href=\"https:\/\/www.riigiteataja.ee\/akt\/104072017127\" target=\"_blank\" rel=\"noopener\">Liikluskindlustuse seadus<\/a><\/li>\n<\/ul>\n<h3>S\u00f5iduk<\/h3>\n<ul>\n<li><a href=\"https:\/\/www.riigiteataja.ee\/akt\/116062011008?leiaKehtiv\" target=\"_blank\" rel=\"noopener\">Mootors\u00f5iduki ja selle haagise tehnon\u00f5uded ning n\u00f5uded varustusele<\/a><\/li>\n<li><a href=\"https:\/\/www.riigiteataja.ee\/akt\/101092017010\" target=\"_blank\" rel=\"noopener\">Mootors\u00f5iduki ja selle haagise tehnon\u00f5uetele vastavuse kontrollimise tingimused ja kord<\/a><\/li>\n<li><a href=\"https:\/\/www.riigiteataja.ee\/akt\/120012011023?leiaKehtiv\" target=\"_blank\" rel=\"noopener\">Liikumispuudega v\u00f5i pimedat inimest teenindava s\u00f5iduki parkimiskaardi vorm ja v\u00e4ljaandmise tingimused<\/a><\/li>\n<li><a href=\"https:\/\/www.riigiteataja.ee\/akt\/121062011004?leiaKehtiv\" target=\"_blank\" rel=\"noopener\">S\u00f5iduki valvega hoiukohta v\u00f5i politseiasutusse toimetamise ning seal hoidmise ja valvamise kulude m\u00e4\u00e4rad ning kulude h\u00fcvitamise kord<\/a><\/li>\n<\/ul>\n<h3>Eksamid<\/h3>\n<ul>\n<li><a href=\"https:\/\/www.riigiteataja.ee\/akt\/128062011018?leiaKehtiv\" target=\"_blank\" rel=\"noopener\">Mootors\u00f5idukijuhi eksamineerimise, talle juhtimis\u00f5iguse andmise kord ja juhiloa vormid ning n\u00f5uded eksamis\u00f5idukitele<\/a><\/li>\n<li><a href=\"https:\/\/www.riigiteataja.ee\/aktilisa\/1280\/6201\/1018\/MKM50_lisa1.pdf\" target=\"_blank\" rel=\"noopener\">Eksamite liigid<\/a><\/li>\n<li><a href=\"https:\/\/www.riigiteataja.ee\/aktilisa\/1280\/6201\/1018\/MKM50_lisa2.pdf\" target=\"_blank\" rel=\"noopener\">Teooriaeksami temaatika, \u00a0k\u00fcsimuste arv ja vastamise piiraeg<\/a><\/li>\n<li><a href=\"https:\/\/eteenindus.mnt.ee\/proovieksam\/teooriaeksam?kat=B\" target=\"_blank\" rel=\"noopener\">Liiklusteooria proovieksam<\/a><\/li>\n<li><a href=\"https:\/\/www.riigiteataja.ee\/aktilisa\/1280\/6201\/1018\/MKM50_lisa3_parandatud.pdf\" target=\"_blank\" rel=\"noopener\">S\u00f5idueksami esimeses j\u00e4rgus eksamineeritavale esitatavad n\u00f5uded ja tema tegevuse hindamine<\/a><\/li>\n<li><a href=\"https:\/\/www.riigiteataja.ee\/aktilisa\/1090\/1201\/4003\/MKM_m83_lisa4.pdf\" target=\"_blank\" rel=\"noopener\">S\u00f5idueksami teises j\u00e4rgus kontrollitavad oskused ja k\u00e4itumine<\/a><\/li>\n<li><a href=\"https:\/\/www.riigiteataja.ee\/aktilisa\/1280\/6201\/1018\/MKM50_lisa6.pdf\" target=\"_blank\" rel=\"noopener\">S\u00f5idueksami kestus minutites<\/a><\/li>\n<li><a href=\"https:\/\/www.riigiteataja.ee\/aktilisa\/1140\/6201\/6015\/lisa7.pdf\" target=\"_blank\" rel=\"noopener\">N\u00f5uded eksamis\u00f5idukile ja juhi varustusele<\/a><\/li>\n<li><a href=\"https:\/\/www.riigiteataja.ee\/aktilisa\/1280\/6201\/1018\/MKM50_lisa18.pdf\" target=\"_blank\" rel=\"noopener\">Juhiloa tagak\u00fcljele kantavad koodid<\/a><\/li>\n<li><a href=\"https:\/\/www.riigiteataja.ee\/aktilisa\/1280\/6201\/1018\/MKM50_lisa19.pdf\" target=\"_blank\" rel=\"noopener\">Juhiloale tehtavad kanded<\/a><\/li>\n<li><a href=\"https:\/\/www.mnt.ee\/et\/ametist\/riigiloivud\" target=\"_blank\" rel=\"noopener\">Eksamite riigil\u00f5ivud<\/a><\/li>\n<li><a href=\"https:\/\/www.youtube.com\/watch?v=demf6eROgJk&amp;feature=youtu.be\" target=\"_blank\" rel=\"noopener\">Maanteeameti teooriaeksami video<\/a><\/li>\n<li><a href=\"https:\/\/www.youtube.com\/watch?v=8oCZK2B94vc&amp;feature=youtu.be\" target=\"_blank\" rel=\"noopener\">Maanteeameti s\u00f5idueksami video<\/a><\/li>\n<\/ul>\n<\/div>\n<h3>Videod<\/h3>\n<ul>\n<li><a href=\"https:\/\/www.youtube.com\/watch?v=joBmbh0AGSQ&amp;feature=youtu.be\" target=\"_blank\" rel=\"noopener\">Kuidas vahetada t\u00fchjenenud rehvi (inglise keeles)<\/a><\/li>\n<li><a href=\"https:\/\/www.youtube.com\/watch?v=267WxJa89dk&amp;feature=youtu.be\" target=\"_blank\" rel=\"noopener\">Kuidas kontrollida jahutusvedeliku, mootori\u00f5li, pidurivedeliku ja klaasipesuvedeliku taset (inglise keeles)<\/a><\/li>\n<li><a href=\"https:\/\/imgur.com\/gallery\/2g5Bzi9\" target=\"_blank\" rel=\"noopener\">\u00c4\u00e4rekivi \u00e4\u00e4rde parkimine ehk k\u00fclgboks (inglise keeles)<\/a><\/li>\n<li><a href=\"https:\/\/www.youtube.com\/watch?time_continue=8&amp;v=afCkPFjDDGU\" target=\"_blank\" rel=\"noopener\">S\u00f5it j\u00e4\u00e4r\u00f6\u00f6bastes<\/a><\/li>\n<li><a href=\"https:\/\/www.youtube.com\/watch?v=KHkWuZth1Xs\" target=\"_blank\" rel=\"noopener\">Pidurdusteekond talvisel ajal<\/a><\/li>\n<li><a href=\"https:\/\/www.youtube.com\/watch?v=575tiowe-cs\" target=\"_blank\" rel=\"noopener\">Auto talvekorda seadmine<\/a><\/li>\n<li><a href=\"https:\/\/www.youtube.com\/watch?v=5mP_-sJAgt0\" target=\"_blank\" rel=\"noopener\">Tagurdades parkimine<\/a><\/li>\n<li><a href=\"https:\/\/www.youtube.com\/watch?v=VgmBnkcWU8g\" target=\"_blank\" rel=\"noopener\">Edaspidi parkimine<\/a><\/li>\n<li><a href=\"https:\/\/www.youtube.com\/watch?v=7NuBH1QpG98\" target=\"_blank\" rel=\"noopener\">K\u00fclgparkimine\u00a0<\/a><\/li>\n<\/ul>\n<p>&nbsp;<\/p>\n<h3>Juhikoolitus<\/h3>\n<ul>\n<li><a href=\"https:\/\/www.riigiteataja.ee\/akt\/128062011039?leiaKehtiv\">Mootors\u00f5idukijuhi ettevalmistamise tingimused ja kord ning mootors\u00f5idukijuhi ettevalmistamise \u00f5ppekavad<\/a><\/li>\n<li><a href=\"https:\/\/www.riigiteataja.ee\/aktilisa\/1300\/4201\/3007\/MKM60_lisa1.pdf\" target=\"_blank\" rel=\"noopener\">Juhi esma\u00f5ppe korraldus<\/a><\/li>\n<li><a href=\"https:\/\/www.riigiteataja.ee\/aktilisa\/1280\/6201\/1039\/MKM60_lisa4.pdf\" target=\"_blank\" rel=\"noopener\">\u00d5ppet\u00f6\u00f6 mahud<\/a><\/li>\n<li><a href=\"https:\/\/www.riigiteataja.ee\/akt\/128062011037\">Mootors\u00f5idukijuhi teadmiste, oskuste ja k\u00e4itumise liiklusalased kvalifikatsioonin\u00f5uded<\/a>.<\/li>\n<li><a href=\"https:\/\/www.riigiteataja.ee\/akt\/131122010037\" target=\"_blank\" rel=\"noopener\">Mootors\u00f5idukijuhi esmaabikoolituse ja teadmiste kontrolli ning \u00f5ppevahendite ja -kava n\u00f5uded<\/a><\/li>\n<li><a href=\"https:\/\/www.riigiteataja.ee\/akt\/109102015001\" target=\"_blank\" rel=\"noopener\">Mootors\u00f5idukijuhi \u00f5petaja kvalifikatsiooni n\u00f5uded, \u00f5petajakoolituse ja \u00f5petaja t\u00e4ienduskoolituse korralduse n\u00f5uded ning mootors\u00f5idukijuhi \u00f5petamise \u00f5igust t\u00f5endava tunnistuse taotlemise, v\u00e4ljastamise ja kehtetuks tunnistamise kord<\/a><\/li>\n<li><a href=\"https:\/\/www.riigiteataja.ee\/akt\/118052011005\" target=\"_blank\" rel=\"noopener\">Liiklusohtliku terviseseisundi ekspertiisiakti vormi kehtestamine<\/a><\/li>\n<li><a href=\"https:\/\/www.riigiteataja.ee\/akt\/128062011034?leiaKehtiv\" target=\"_blank\" rel=\"noopener\">Mootors\u00f5idukijuhi juhendaja tunnistuse v\u00e4ljaandmise kord<\/a><\/li>\n<li><a href=\"https:\/\/www.riigiteataja.ee\/akt\/427122013001?leiaKehtiv\" target=\"_blank\" rel=\"noopener\">Mootors\u00f5idukite \u00f5ppes\u00f5idu korraldus Tallinnas<\/a><a href=\"https:\/\/www.riigiteataja.ee\/akt\/128062011034?leiaKehtiv\" target=\"_blank\" rel=\"noopener\"><br \/>\n<\/a><\/li>\n<\/ul>\n","protected":false},"excerpt":{"rendered":"<p>Videod Kuidas vahetada t\u00fchjenenud rehvi (inglise keeles) Kuidas kontrollida jahutusvedeliku, mootori\u00f5li, pidurivedeliku ja klaasipesuvedeliku taset (inglise keeles) \u00c4\u00e4rekivi \u00e4\u00e4rde parkimine ehk k\u00fclgboks (inglise keeles) S\u00f5it j\u00e4\u00e4r\u00f6\u00f6bastes Pidurdusteekond talvisel ajal Auto talvekorda seadmine Tagurdades parkimine Edaspidi parkimine K\u00fclgparkimine\u00a0 &nbsp; Juhikoolitus Mootors\u00f5idukijuhi ettevalmistamise tingimused ja kord ning mootors\u00f5idukijuhi ettevalmistamise \u00f5ppekavad Juhi esma\u00f5ppe korraldus \u00d5ppet\u00f6\u00f6 mahud Mootors\u00f5idukijuhi teadmiste, [&hellip;]<\/p>\n","protected":false},"author":2,"featured_media":0,"parent":0,"menu_order":0,"comment_status":"closed","ping_status":"closed","template":"","meta":{"footnotes":""},"_links":{"self":[{"href":"https:\/\/mustamae-autokool.ee\/ru\/wp-json\/wp\/v2\/pages\/4215"}],"collection":[{"href":"https:\/\/mustamae-autokool.ee\/ru\/wp-json\/wp\/v2\/pages"}],"about":[{"href":"https:\/\/mustamae-autokool.ee\/ru\/wp-json\/wp\/v2\/types\/page"}],"author":[{"embeddable":true,"href":"https:\/\/mustamae-autokool.ee\/ru\/wp-json\/wp\/v2\/users\/2"}],"replies":[{"embeddable":true,"href":"https:\/\/mustamae-autokool.ee\/ru\/wp-json\/wp\/v2\/comments?post=4215"}],"version-history":[{"count":0,"href":"https:\/\/mustamae-autokool.ee\/ru\/wp-json\/wp\/v2\/pages\/4215\/revisions"}],"wp:attachment":[{"href":"https:\/\/mustamae-autokool.ee\/ru\/wp-json\/wp\/v2\/media?parent=4215"}],"curies":[{"name":"wp","href":"https:\/\/api.w.org\/{rel}","templated":true}]}}