{"id":4214,"date":"2018-04-19T06:39:16","date_gmt":"2018-04-19T06:39:16","guid":{"rendered":"https:\/\/mustamae-autokool.ee\/%d0%bf%d0%be%d0%b4%d0%b0%d1%80%d0%be%d1%87%d0%bd%d0%b0%d1%8f-%d0%ba%d0%b0%d1%80%d1%82%d0%b0\/"},"modified":"2018-04-19T06:39:16","modified_gmt":"2018-04-19T06:39:16","slug":"%d0%bf%d0%be%d0%b4%d0%b0%d1%80%d0%be%d1%87%d0%bd%d0%b0%d1%8f-%d0%ba%d0%b0%d1%80%d1%82%d0%b0","status":"publish","type":"page","link":"https:\/\/mustamae-autokool.ee\/ru\/%d0%bf%d0%be%d0%b4%d0%b0%d1%80%d0%be%d1%87%d0%bd%d0%b0%d1%8f-%d0%ba%d0%b0%d1%80%d1%82%d0%b0\/","title":{"rendered":"\u041f\u043e\u0434\u0430\u0440\u043e\u0447\u043d\u0430\u044f \u043a\u0430\u0440\u0442\u0430"},"content":{"rendered":"<p><a href=\"https:\/\/mustamae-autokool.ee\/wp-content\/uploads\/2018\/04\/kinkekaart-v\u00e4ike-1.jpg\"><img loading=\"lazy\" decoding=\"async\" class=\"wp-image-3667 aligncenter\" src=\"https:\/\/mustamae-autokool.ee\/wp-content\/uploads\/2018\/04\/kinkekaart-v\u00e4ike-1-1024x463.jpg\" alt=\"autokooli kinkekaart\" width=\"735\" height=\"332\" srcset=\"https:\/\/mustamae-autokool.ee\/wp-content\/uploads\/2018\/04\/kinkekaart-v\u00e4ike-1-1024x463.jpg 1024w, https:\/\/mustamae-autokool.ee\/wp-content\/uploads\/2018\/04\/kinkekaart-v\u00e4ike-1-300x136.jpg 300w, https:\/\/mustamae-autokool.ee\/wp-content\/uploads\/2018\/04\/kinkekaart-v\u00e4ike-1-768x347.jpg 768w, https:\/\/mustamae-autokool.ee\/wp-content\/uploads\/2018\/04\/kinkekaart-v\u00e4ike-1-1200x542.jpg 1200w, https:\/\/mustamae-autokool.ee\/wp-content\/uploads\/2018\/04\/kinkekaart-v\u00e4ike-1-1080x488.jpg 1080w\" sizes=\"(max-width: 735px) 100vw, 735px\" \/><\/a><\/p>\n<p>&nbsp;<\/p>\n<h3 style=\"text-align: center;\"><span style=\"font-weight: 400;\">Valmistame just Sulle sobiliku v\u00e4\u00e4rtusega autokooli kinkekaardi, millega saad valmistada r\u00f5\u00f5mu oma l\u00e4hedastele ja s\u00f5pradele!<\/span><\/h3>\n<p><b>Kinkekaart \u00a0kehtib kuus(6) kuud arvates selle ostmisest \u00a0ja seda saab kasutada Mustam\u00e4e Autokooli poolt pakutavate teenuste eest tasumisel. <\/b><\/p>\n<p><span style=\"font-weight: 400;\">Kinkekaardi \u00a0ostmiseks palun t\u00e4ida allpool olev trellimisvorm, seej\u00e4rel saame saata sulle arve. Kinkekaart saadetakse v\u00e4lja peale arve tasumist tellija aadressile. Kaarti saab k\u00e4tte ka Autokoolist aadressil Mustam\u00e4e tee 5, III korrus, vastuv\u00f5tu p\u00e4evadel.<\/span><\/p>\n<div class=\"artikkel\">\n<div class=\"panel regular\">\n<p><span style=\"color: #909090;\">Kinkekaardi realiseerimistingimused:<\/span><\/p>\n<p><span style=\"color: #909090;\">Kinkekaarti saab kasutada Mustam\u00e4e Autokool O\u00dc poolt pakutavate koolituste eest tasumiseks vastavalt kaardi v\u00e4\u00e4rtusele. Kinkekaardi saajal \u00a0tuleb vormistada koolitusel osalemine kaardil n\u00e4idatud kehtivusaja jooksul.<\/span><\/p>\n<p><span style=\"color: #909090;\">Koolituslepingu s\u00f5lmimisel tuleb esitada kinkekaart. Kinkekaarti \u00a0ei vahetata sularahaks ning selle eest tasutud summat ei tagastata.<\/span><\/p>\n<p><span style=\"color: #909090;\">Kui kinkekaardi maksumus ei kata kogu koolituse maksumust tuleb puuduj\u00e4\u00e4v osa maksta juurde. Kui koolituse maksumus on v\u00e4iksem kinkekaardi v\u00e4\u00e4rtusest, siis \u00fclej\u00e4\u00e4nud raha ei tagastata, kuid saajal on v\u00f5imalik kasutada kaarti selle kehtivusperioodil \u00a0oma teiste koolituste eest tasumiseks.<\/span><\/div>\n<\/div>\n<div class=\"large-6 columns\">\n\n<div class=\"wpcf7 no-js\" id=\"wpcf7-f3714-o1\" lang=\"et\" dir=\"ltr\">\n<div class=\"screen-reader-response\"><p role=\"status\" aria-live=\"polite\" aria-atomic=\"true\"><\/p> <ul><\/ul><\/div>\n<form action=\"\/ru\/wp-json\/wp\/v2\/pages\/4214#wpcf7-f3714-o1\" method=\"post\" class=\"wpcf7-form init\" aria-label=\"Contact form\" novalidate=\"novalidate\" data-status=\"init\">\n<div style=\"display: none;\">\n<input type=\"hidden\" name=\"_wpcf7\" value=\"3714\" \/>\n<input type=\"hidden\" name=\"_wpcf7_version\" value=\"5.9.6\" \/>\n<input type=\"hidden\" name=\"_wpcf7_locale\" value=\"et\" \/>\n<input type=\"hidden\" name=\"_wpcf7_unit_tag\" value=\"wpcf7-f3714-o1\" \/>\n<input type=\"hidden\" name=\"_wpcf7_container_post\" value=\"0\" \/>\n<input type=\"hidden\" name=\"_wpcf7_posted_data_hash\" value=\"\" \/>\n<input type=\"hidden\" name=\"_wpcf7cf_hidden_group_fields\" value=\"[]\" \/>\n<input type=\"hidden\" name=\"_wpcf7cf_hidden_groups\" value=\"[]\" \/>\n<input type=\"hidden\" name=\"_wpcf7cf_visible_groups\" value=\"[]\" \/>\n<input type=\"hidden\" name=\"_wpcf7cf_repeaters\" value=\"[]\" \/>\n<input type=\"hidden\" name=\"_wpcf7cf_steps\" value=\"{}\" \/>\n<input type=\"hidden\" name=\"_wpcf7cf_options\" value=\"{&quot;form_id&quot;:3714,&quot;conditions&quot;:[],&quot;settings&quot;:{&quot;animation&quot;:&quot;yes&quot;,&quot;animation_intime&quot;:200,&quot;animation_outtime&quot;:200,&quot;conditions_ui&quot;:&quot;normal&quot;,&quot;notice_dismissed&quot;:false}}\" \/>\n<input type=\"hidden\" name=\"_wpcf7_recaptcha_response\" value=\"\" \/>\n<\/div>\n<div id=\"pealkirjad\">\n\t<p>Kinkekaardi tellija\/maksja nimi*\n\t<\/p>\n<\/div>\n<p><span class=\"wpcf7-form-control-wrap\" data-name=\"your-name\"><input size=\"40\" maxlength=\"80\" class=\"wpcf7-form-control wpcf7-text wpcf7-validates-as-required\" id=\"lahtrid\" aria-required=\"true\" aria-invalid=\"false\" value=\"\" type=\"text\" name=\"your-name\" \/><\/span>\n<\/p>\n<div id=\"pealkirjad\">\n\t<p>Tellija telefoninumber*\n\t<\/p>\n<\/div>\n<p><span class=\"wpcf7-form-control-wrap\" data-name=\"telefon\"><input size=\"40\" maxlength=\"80\" class=\"wpcf7-form-control wpcf7-tel wpcf7-validates-as-required wpcf7-text wpcf7-validates-as-tel\" aria-required=\"true\" aria-invalid=\"false\" value=\"\" type=\"tel\" name=\"telefon\" \/><\/span>\n<\/p>\n<div id=\"pealkirjad\">\n\t<p>Tellija e-mail*\n\t<\/p>\n<\/div>\n<p><span class=\"wpcf7-form-control-wrap\" data-name=\"your-email\"><input size=\"40\" maxlength=\"80\" class=\"wpcf7-form-control wpcf7-email wpcf7-validates-as-required wpcf7-text wpcf7-validates-as-email\" aria-required=\"true\" aria-invalid=\"false\" value=\"\" type=\"email\" name=\"your-email\" \/><\/span>\n<\/p>\n<div id=\"pealkirjad\">\n\t<p>Tellija postiaadress*\n\t<\/p>\n<\/div>\n<p><span class=\"wpcf7-form-control-wrap\" data-name=\"postiaadress\"><input size=\"40\" maxlength=\"80\" class=\"wpcf7-form-control wpcf7-text wpcf7-validates-as-required\" aria-required=\"true\" aria-invalid=\"false\" value=\"\" type=\"text\" name=\"postiaadress\" \/><\/span>\n<\/p>\n<div id=\"pealkirjad\">\n\t<p>Kinkekaardi maksumus, EUR*\n\t<\/p>\n<\/div>\n<p><span class=\"wpcf7-form-control-wrap\" data-name=\"maksumus\"><input size=\"40\" maxlength=\"80\" class=\"wpcf7-form-control wpcf7-text wpcf7-validates-as-required\" aria-required=\"true\" aria-invalid=\"false\" value=\"\" type=\"text\" name=\"maksumus\" \/><\/span>\n<\/p>\n<div id=\"pealkirjad\">\n\t<p>Kinkekaardi saaja nimi*\n\t<\/p>\n<\/div>\n<p><span class=\"wpcf7-form-control-wrap\" data-name=\"saajanimi\"><input size=\"40\" maxlength=\"80\" class=\"wpcf7-form-control wpcf7-text wpcf7-validates-as-required\" aria-required=\"true\" aria-invalid=\"false\" value=\"\" type=\"text\" name=\"saajanimi\" \/><\/span>\n<\/p>\n<div id=\"pealkirjad\">\n\t<p>Kinkekaardi saaja telefon:\n\t<\/p>\n<\/div>\n<p><span class=\"wpcf7-form-control-wrap\" data-name=\"telefonsaaja\"><input size=\"40\" maxlength=\"80\" class=\"wpcf7-form-control wpcf7-tel wpcf7-validates-as-required wpcf7-text wpcf7-validates-as-tel\" aria-required=\"true\" aria-invalid=\"false\" value=\"\" type=\"tel\" name=\"telefonsaaja\" \/><\/span>\n<\/p>\n<div id=\"pealkirjad\">\n\t<p>Olen tutvunud kinkekaardi realiseerimistingimustega*\n\t<\/p>\n<\/div>\n<p><span class=\"wpcf7-form-control-wrap\" data-name=\"tutvunud\"><span class=\"wpcf7-form-control wpcf7-checkbox wpcf7-validates-as-required\"><span class=\"wpcf7-list-item first last\"><input type=\"checkbox\" name=\"tutvunud[]\" value=\"Olen tutvunud\" \/><span class=\"wpcf7-list-item-label\">Olen tutvunud<\/span><\/span><\/span><\/span>\n<\/p>\n\n<p><input class=\"wpcf7-form-control wpcf7-submit has-spinner\" id=\"saadanupp\" type=\"submit\" value=\"Saada\" \/>\n<\/p><div class=\"wpcf7-response-output\" aria-hidden=\"true\"><\/div>\n<\/form>\n<\/div>\n\n<\/div>\n<div class=\"large-6 columns\">\n<span style=\"color: #ffffff;\">&#8212;<\/span><br \/>\n<\/div>\n<p>&nbsp;<\/p>\n<div class=\"artikkel\">\n<p>&nbsp;<\/p>\n<\/div>\n","protected":false},"excerpt":{"rendered":"<p>&nbsp; Valmistame just Sulle sobiliku v\u00e4\u00e4rtusega autokooli kinkekaardi, millega saad valmistada r\u00f5\u00f5mu oma l\u00e4hedastele ja s\u00f5pradele! Kinkekaart \u00a0kehtib kuus(6) kuud arvates selle ostmisest \u00a0ja seda saab kasutada Mustam\u00e4e Autokooli poolt pakutavate teenuste eest tasumisel. Kinkekaardi \u00a0ostmiseks palun t\u00e4ida allpool olev trellimisvorm, seej\u00e4rel saame saata sulle arve. Kinkekaart saadetakse v\u00e4lja peale arve tasumist tellija aadressile. Kaarti [&hellip;]<\/p>\n","protected":false},"author":2,"featured_media":0,"parent":0,"menu_order":0,"comment_status":"closed","ping_status":"closed","template":"","meta":{"footnotes":""},"_links":{"self":[{"href":"https:\/\/mustamae-autokool.ee\/ru\/wp-json\/wp\/v2\/pages\/4214"}],"collection":[{"href":"https:\/\/mustamae-autokool.ee\/ru\/wp-json\/wp\/v2\/pages"}],"about":[{"href":"https:\/\/mustamae-autokool.ee\/ru\/wp-json\/wp\/v2\/types\/page"}],"author":[{"embeddable":true,"href":"https:\/\/mustamae-autokool.ee\/ru\/wp-json\/wp\/v2\/users\/2"}],"replies":[{"embeddable":true,"href":"https:\/\/mustamae-autokool.ee\/ru\/wp-json\/wp\/v2\/comments?post=4214"}],"version-history":[{"count":0,"href":"https:\/\/mustamae-autokool.ee\/ru\/wp-json\/wp\/v2\/pages\/4214\/revisions"}],"wp:attachment":[{"href":"https:\/\/mustamae-autokool.ee\/ru\/wp-json\/wp\/v2\/media?parent=4214"}],"curies":[{"name":"wp","href":"https:\/\/api.w.org\/{rel}","templated":true}]}}