{"id":4207,"date":"2018-04-19T06:32:27","date_gmt":"2018-04-19T06:32:27","guid":{"rendered":"https:\/\/mustamae-autokool.ee\/%d0%be-%d0%bd%d0%b0%d1%81\/"},"modified":"2018-05-04T07:14:09","modified_gmt":"2018-05-04T07:14:09","slug":"%d0%be-%d0%bd%d0%b0%d1%81","status":"publish","type":"page","link":"https:\/\/mustamae-autokool.ee\/ru\/%d0%be-%d0%bd%d0%b0%d1%81\/","title":{"rendered":"\u041e \u043d\u0430\u0441"},"content":{"rendered":"<p>Mustam\u00e4e Autokooli asutasime\u00a0 koost\u00f6\u00f6s Tallinna Tehnikak\u00f5rgkooli Transpordi Teaduskonnaga. Tegutseme aastast 2005.<br \/>\nOleme Haridus- ja Teadusministeeriumi tegevusloaga \u00f5ppeasutus ning Eesti Autokoolide Liidu liige.<br \/>\n\u00d5petame eesti ja vene keeles <a href=\"https:\/\/www.riigiteataja.ee\/akt\/128062011039?leiaKehtiv\" target=\"_blank\" rel=\"noopener\">B-kategooria \u00f5ppekava<\/a> alusel. \u00d5ppida on v\u00f5imalik nii manuaal- kui ka automaatk\u00e4igukastiga s\u00f5idukitel.<\/p>\n<p><strong>Loengud toimuvad Tallinnas, Mustam\u00e4e tee 5.<\/strong><br \/>\nMeie juurde p\u00e4\u00e4seb suurep\u00e4raselt nii Kesklinnast, Kristiinest, Mustam\u00e4elt, \u00d5ism\u00e4elt, N\u00f5mmelt, Haaberstist, Kalamajast\u00a0 kui ka Laagrist, Harkust ja Tabasalust.<\/p>\n<h3>Kas sina oled valmis?<br \/>\nMeie professionaalsel meeskonnal on olemas k\u00f5ik, mida Sul on vaja edukaks \u00f5ppet\u00f6\u00f6ks:<\/h3>\n<ul>\n<li>Rahulikud, suurte kogemustega \u00f5petajad<\/li>\n<li>Maksegraafikuga tasumise v\u00f5imalus<\/li>\n<li>Autokooli hinnad on p\u00fcsivalt\u00a0soodsad\u00a0tudengitele, koolinoortele ja mitmekesi registreerujatele<\/li>\n<li>Pikk kogemus nii noorte kui t\u00e4iskasvanute koolitamisel<\/li>\n<li>Kaasaegne haridustehnoloogia<\/li>\n<li>\u00d5ppijakesksed \u00f5ppemeetodid<\/li>\n<li>\u00d5ppima asumisel s\u00f5lmime koolituslepingu, millega s\u00e4testame poolte \u00f5igused ja kohustused \u00f5pingute perioodiks<\/li>\n<\/ul>\n<h3>Koos muudame liikluse turvalisemaks ja ohutumaks!<\/h3>\n<p>Meie suurep\u00e4rased koost\u00f6\u00f6partnerid on Eesti Autokoolide Liit, Teooria.ee, Simulaator O\u00dc ja Liikluslab O\u00dc<\/p>\n\r\n            <style type=\"text\/css\">\r\n\r\n                \r\n                                .lcs_logo_container a.lcs_logo_link:hover { border: 1px solid #A0A0A0; ?>; }\r\n                .lcs_logo_container a:hover img { -moz-transform: scale(1.05); -webkit-transform: scale(1.05); -o-transform: scale(1.05); -ms-transform: scale(1.05); transform: scale(1.05); }\r\n                                                .lcs_logo_container a.lcs_logo_link, .lcs_logo_container a.lcs_logo_link:hover { border: none; }\r\n                                #lcs_logo_carousel_wrapper .owl-nav {\r\n                    position: absolute;\r\n                    margin-top: 0;\r\n                }\r\n\r\n                \/* TOP Right*\/\r\n                                #lcs_logo_carousel_wrapper .owl-nav {\r\n                    right: 0;\r\n                    top: -34px;\r\n                }\r\n                                \/* TOP Left*\/\r\n                \r\n                #lcs_logo_carousel_wrapper .owl-nav div {\r\n                    background: #ffffff;\r\n                    border-radius: 2px;\r\n                    margin: 2px;\r\n                    padding: 0;\r\n                    width: 27px;\r\n                    height: 27px;\r\n                    line-height: 20px;\r\n                    font-size: 22px;\r\n                    color: #ccc;\r\n                    border: 1px solid #ccc;\r\n                    opacity: 1;\r\n                    z-index: 999;\r\n                    -moz-transition: all 0.3s linear;\r\n                    -o-transition: all 0.3s linear;\r\n                    -webkit-transition: all 0.3s linear;\r\n                    transition: all 0.3s linear;\r\n            <\/style>\r\n\r\n                        <div id=\"lcs_logo_carousel_wrapper\">\r\n                <div id=\"lcs_logo_carousel_slider\" class=\"owl-carousel owl-theme\">\r\n                    \r\n                                                <div class=\"lcs_logo_container\">\r\n\r\n\r\n                                                            <a href=\"https:\/\/www.mnt.ee\/et\" class=\"lcs_logo_link\" target=\"_blank\">\r\n                                    <img decoding=\"async\" src=\"https:\/\/mustamae-autokool.ee\/wp-content\/uploads\/2018\/04\/mnt-amet.png\" alt=\"\" \/>                                <\/a>\r\n                                                                                <\/div>\r\n                    \r\n                                                <div class=\"lcs_logo_container\">\r\n\r\n\r\n                                                            <a href=\"http:\/\/www.simulaator.ee\/\" class=\"lcs_logo_link\" target=\"_blank\">\r\n                                    <img decoding=\"async\" src=\"https:\/\/mustamae-autokool.ee\/wp-content\/uploads\/2018\/04\/simulaator.ee_.png\" alt=\"\" \/>                                <\/a>\r\n                                                                                <\/div>\r\n                    \r\n                                                <div class=\"lcs_logo_container\">\r\n\r\n\r\n                                                            <a href=\"http:\/\/liikluslab.ee\/\" class=\"lcs_logo_link\" target=\"_blank\">\r\n                                    <img decoding=\"async\" src=\"https:\/\/mustamae-autokool.ee\/wp-content\/uploads\/2018\/04\/liikluslab.png\" alt=\"\" \/>                                <\/a>\r\n                                                                                <\/div>\r\n                    \r\n                                                <div class=\"lcs_logo_container\">\r\n\r\n\r\n                                                            <a href=\"http:\/\/www.autokoolideliit.ee\/\" class=\"lcs_logo_link\" target=\"_blank\">\r\n                                    <img decoding=\"async\" src=\"https:\/\/mustamae-autokool.ee\/wp-content\/uploads\/2018\/04\/eakl.png\" alt=\"\" \/>                                <\/a>\r\n                                                                                <\/div>\r\n                    \r\n                                                <div class=\"lcs_logo_container\">\r\n\r\n\r\n                                                            <a href=\"https:\/\/www.teooria.ee\/\" class=\"lcs_logo_link\" target=\"_blank\">\r\n                                    <img decoding=\"async\" src=\"https:\/\/mustamae-autokool.ee\/wp-content\/uploads\/2018\/04\/teooria.ee_-1.png\" alt=\"\" \/>                                <\/a>\r\n                                                                                <\/div>\r\n                                                        <\/div> <!-- End lcs_logo_carousel_slider -->\r\n            <\/div> <!--ends #lcs_logo_carousel_wrapper-->\r\n\r\n            <!--UPDATED Carousel VERSION CODE-->\r\n            <!--INITIALIZE THE SLIDER-->\r\n            <script>\r\n                jQuery(document).ready(function($){\r\n                    var logoSlider = $(\"#lcs_logo_carousel_slider\");\r\n\r\n                    logoSlider.owlCarousel({\r\n                        loop:true,\r\n                        autoWidth:false,\r\n                        responsiveClass:true,\r\n                        dots:false,\r\n                        autoplay:false,\r\n\r\n                        autoplayTimeout: 4000,\r\n                        autoplayHoverPause: false,\r\n                        dotData:true,\r\n                        dotsEach:false,\r\n                        slideBy:1,\r\n                        rtl:false,\r\n                        nav:true,\r\n                        navText:['\u2039','\u203a'],\r\n                        smartSpeed: 1000, \/\/ it smooths the transition\r\n                        responsive:{\r\n                            0 : {\r\n                                items:2\r\n                            },\r\n                            500: {\r\n                                items:3\r\n                            },\r\n                            600 : {\r\n                                items:3\r\n                            },\r\n                            768:{\r\n                                items:4\r\n                            },\r\n                            1199:{\r\n                                items:5                            }\r\n                        }\r\n                    });\r\n\r\n\r\n                    \/\/ custom navigation button for slider\r\n                    \/\/ at first. let us cache the element\r\n                    var $lcs_wrap = $('#lcs_logo_carousel_wrapper');\r\n                    \/\/ Go to the next item\r\n                    $lcs_wrap.on('click', '.prev', function () {\r\n                        logoSlider.trigger('prev.owl.carousel');\r\n                    });\r\n\r\n                    \/\/ Go to the previous item\r\n                    $lcs_wrap.on('click', '.next', function () {\r\n                        \/\/ With optional speed parameter\r\n                        \/\/ Parameters has to be in square bracket '[]'\r\n                        logoSlider.trigger('next.owl.carousel');\r\n                    })\r\n\r\n\r\n                });\r\n            <\/script>\r\n            \n","protected":false},"excerpt":{"rendered":"<p>Mustam\u00e4e Autokooli asutasime\u00a0 koost\u00f6\u00f6s Tallinna Tehnikak\u00f5rgkooli Transpordi Teaduskonnaga. Tegutseme aastast 2005. Oleme Haridus- ja Teadusministeeriumi tegevusloaga \u00f5ppeasutus ning Eesti Autokoolide Liidu liige. \u00d5petame eesti ja vene keeles B-kategooria \u00f5ppekava alusel. \u00d5ppida on v\u00f5imalik nii manuaal- kui ka automaatk\u00e4igukastiga s\u00f5idukitel. Loengud toimuvad Tallinnas, Mustam\u00e4e tee 5. Meie juurde p\u00e4\u00e4seb suurep\u00e4raselt nii Kesklinnast, Kristiinest, Mustam\u00e4elt, \u00d5ism\u00e4elt, N\u00f5mmelt, [&hellip;]<\/p>\n","protected":false},"author":2,"featured_media":0,"parent":0,"menu_order":0,"comment_status":"closed","ping_status":"closed","template":"","meta":{"footnotes":""},"_links":{"self":[{"href":"https:\/\/mustamae-autokool.ee\/ru\/wp-json\/wp\/v2\/pages\/4207"}],"collection":[{"href":"https:\/\/mustamae-autokool.ee\/ru\/wp-json\/wp\/v2\/pages"}],"about":[{"href":"https:\/\/mustamae-autokool.ee\/ru\/wp-json\/wp\/v2\/types\/page"}],"author":[{"embeddable":true,"href":"https:\/\/mustamae-autokool.ee\/ru\/wp-json\/wp\/v2\/users\/2"}],"replies":[{"embeddable":true,"href":"https:\/\/mustamae-autokool.ee\/ru\/wp-json\/wp\/v2\/comments?post=4207"}],"version-history":[{"count":1,"href":"https:\/\/mustamae-autokool.ee\/ru\/wp-json\/wp\/v2\/pages\/4207\/revisions"}],"predecessor-version":[{"id":4345,"href":"https:\/\/mustamae-autokool.ee\/ru\/wp-json\/wp\/v2\/pages\/4207\/revisions\/4345"}],"wp:attachment":[{"href":"https:\/\/mustamae-autokool.ee\/ru\/wp-json\/wp\/v2\/media?parent=4207"}],"curies":[{"name":"wp","href":"https:\/\/api.w.org\/{rel}","templated":true}]}}